{"id":517,"date":"2025-07-01T07:11:04","date_gmt":"2025-07-01T07:11:04","guid":{"rendered":"https:\/\/123forasmile.com\/?page_id=517"},"modified":"2025-08-21T16:21:11","modified_gmt":"2025-08-21T16:21:11","slug":"politica-de-cookies","status":"publish","type":"page","link":"https:\/\/123forasmile.com\/en\/politica-de-cookies\/","title":{"rendered":"Pol\u00edtica de cookies"},"content":{"rendered":"<div data-elementor-type=\"wp-page\" data-elementor-id=\"517\" class=\"elementor elementor-517\" data-elementor-post-type=\"page\">\n\t\t\t\t\t\t<section class=\"elementor-section elementor-top-section elementor-element elementor-element-6b7235a5 elementor-section-boxed elementor-section-height-default elementor-section-height-default\" data-id=\"6b7235a5\" data-element_type=\"section\" data-e-type=\"section\">\n\t\t\t\t\t\t<div class=\"elementor-container elementor-column-gap-default\">\n\t\t\t\t\t<div class=\"elementor-column elementor-col-100 elementor-top-column elementor-element elementor-element-380b21e3\" data-id=\"380b21e3\" data-element_type=\"column\" data-e-type=\"column\">\n\t\t\t<div class=\"elementor-widget-wrap elementor-element-populated\">\n\t\t\t\t\t\t<section class=\"elementor-section elementor-inner-section elementor-element elementor-element-1e62c6a3 elementor-section-boxed elementor-section-height-default elementor-section-height-default elementor-invisible\" data-id=\"1e62c6a3\" data-element_type=\"section\" data-e-type=\"section\" data-settings=\"{&quot;animation&quot;:&quot;fadeInUp&quot;}\">\n\t\t\t\t\t\t<div class=\"elementor-container elementor-column-gap-default\">\n\t\t\t\t\t<div class=\"elementor-column elementor-col-100 elementor-inner-column elementor-element elementor-element-5274d6b8\" data-id=\"5274d6b8\" data-element_type=\"column\" data-e-type=\"column\">\n\t\t\t<div class=\"elementor-widget-wrap elementor-element-populated\">\n\t\t\t\t\t\t<div class=\"elementor-element elementor-element-28ebd77c elementor-widget elementor-widget-heading\" data-id=\"28ebd77c\" data-element_type=\"widget\" data-e-type=\"widget\" data-widget_type=\"heading.default\">\n\t\t\t\t<div class=\"elementor-widget-container\">\n\t\t\t\t\t<h1 class=\"elementor-heading-title elementor-size-default\">Pol\u00edtica de cookies<\/h1>\t\t\t\t<\/div>\n\t\t\t\t<\/div>\n\t\t\t\t<div class=\"elementor-element elementor-element-e71b627 elementor-widget elementor-widget-text-editor\" data-id=\"e71b627\" data-element_type=\"widget\" data-e-type=\"widget\" data-widget_type=\"text-editor.default\">\n\t\t\t\t<div class=\"elementor-widget-container\">\n\t\t\t\t\t\t\t\t\t<p data-start=\"208\" data-end=\"389\">En este sitio web utilizamos cookies para mejorar la experiencia del usuario, analizar el tr\u00e1fico y personalizar contenidos. Si contin\u00faas navegando, consideramos que aceptas su uso.<\/p><h2 data-start=\"391\" data-end=\"423\"><strong data-start=\"395\" data-end=\"423\">1. \u00bfQu\u00e9 son las cookies?<\/strong><\/h2><p data-start=\"425\" data-end=\"750\">Las cookies son peque\u00f1os archivos de texto que se almacenan en tu dispositivo (ordenador, tablet, smartphone\u2026) cuando visitas una p\u00e1gina web. Sirven para recordar informaci\u00f3n sobre tu visita, como el idioma preferido o las p\u00e1ginas visitadas, con el fin de facilitar tu pr\u00f3xima visita y hacer que el sitio te resulte m\u00e1s \u00fatil.<\/p><h2 data-start=\"752\" data-end=\"796\"><strong data-start=\"756\" data-end=\"796\">2. \u00bfQu\u00e9 tipos de cookies utilizamos?<\/strong><\/h2><p data-start=\"798\" data-end=\"911\">El sitio web <a class=\"\" href=\"https:\/\/123forasmile.com\/en\/\" target=\"_new\" rel=\"noopener\" data-start=\"811\" data-end=\"863\">https:\/\/123forasmile.com<\/a> puede utilizar los siguientes tipos de cookies:<\/p><h3 data-start=\"913\" data-end=\"954\">a) Cookies t\u00e9cnicas (obligatorias)<\/h3><p data-start=\"955\" data-end=\"1178\">Permiten al usuario la navegaci\u00f3n a trav\u00e9s de la web y el uso de sus diferentes opciones o servicios, como identificar la sesi\u00f3n o recordar elementos de un formulario. Son necesarias para el funcionamiento b\u00e1sico del sitio.<\/p><h3 data-start=\"1180\" data-end=\"1216\">b) Cookies de personalizaci\u00f3n<\/h3><p data-start=\"1217\" data-end=\"1385\">Permiten recordar informaci\u00f3n para que el usuario acceda al servicio con determinadas caracter\u00edsticas, como el idioma, el tipo de navegador o la configuraci\u00f3n regional.<\/p><h3 data-start=\"1387\" data-end=\"1416\">c) Cookies de an\u00e1lisis<\/h3><p data-start=\"1417\" data-end=\"1629\">Nos permiten conocer c\u00f3mo interact\u00faan los usuarios con el sitio web, recopilando informaci\u00f3n de forma an\u00f3nima para mejorar la navegaci\u00f3n y el contenido. Por ejemplo, usamos herramientas como <strong data-start=\"1608\" data-end=\"1628\">Google Analytics<\/strong>.<\/p><h3 data-start=\"1631\" data-end=\"1682\">d) Cookies de publicidad (opcional, si usas)<\/h3><p data-start=\"1683\" data-end=\"1889\">Se utilizan para mostrar anuncios relevantes para el usuario y evitar mostrar anuncios repetidos. Este sitio web <strong data-start=\"1796\" data-end=\"1805\">puede<\/strong> usar cookies de plataformas como Google Ads o Meta Ads para campa\u00f1as publicitarias.<\/p><h2 data-start=\"1891\" data-end=\"1949\"><strong data-start=\"1895\" data-end=\"1949\">3. \u00bfC\u00f3mo puedes configurar o eliminar las cookies?<\/strong><\/h2><p data-start=\"1951\" data-end=\"2106\">Puedes permitir, bloquear o eliminar las cookies instaladas en tu dispositivo mediante la configuraci\u00f3n de las opciones del navegador que est\u00e9s utilizando:<\/p><ul data-start=\"2108\" data-end=\"2653\"><li data-start=\"2108\" data-end=\"2239\"><p data-start=\"2110\" data-end=\"2239\"><strong data-start=\"2110\" data-end=\"2128\">Google Chrome:<\/strong> <a class=\"cursor-pointer\" target=\"_new\" rel=\"noopener\" data-start=\"2129\" data-end=\"2237\">https:\/\/support.google.com\/chrome\/answer\/95647?hl=es<\/a><\/p><\/li><li data-start=\"2240\" data-end=\"2369\"><p data-start=\"2242\" data-end=\"2369\"><strong data-start=\"2242\" data-end=\"2262\">Mozilla Firefox:<\/strong> <a class=\"\" href=\"https:\/\/support.mozilla.org\/es\/kb\/Borrar%20cookies\" target=\"_new\" rel=\"noopener\" data-start=\"2263\" data-end=\"2367\">https:\/\/support.mozilla.org\/es\/kb\/Borrar%20cookies<\/a><\/p><\/li><li data-start=\"2370\" data-end=\"2470\"><p data-start=\"2372\" data-end=\"2470\"><strong data-start=\"2372\" data-end=\"2383\">Safari:<\/strong> <a class=\"\" href=\"https:\/\/support.apple.com\/es-es\/HT201265\" target=\"_new\" rel=\"noopener\" data-start=\"2384\" data-end=\"2468\">https:\/\/support.apple.com\/es-es\/HT201265<\/a><\/p><\/li><li data-start=\"2471\" data-end=\"2653\"><p data-start=\"2473\" data-end=\"2653\"><strong data-start=\"2473\" data-end=\"2492\">Microsoft Edge:<\/strong> <a class=\"\" href=\"https:\/\/support.microsoft.com\/es-es\/help\/4027947\/microsoft-edge-delete-cookies\" target=\"_new\" rel=\"noopener\" data-start=\"2493\" data-end=\"2653\">https:\/\/support.microsoft.com\/es-es\/help\/4027947\/microsoft-edge-delete-cookies<\/a><\/p><\/li><\/ul><p data-start=\"2655\" data-end=\"2780\">Ten en cuenta que si desactivas las cookies, es posible que algunas funcionalidades del sitio web no funcionen correctamente.<\/p><h2 data-start=\"2782\" data-end=\"2826\"><strong data-start=\"2786\" data-end=\"2826\">4. Cambios en la Pol\u00edtica de Cookies<\/strong><\/h2><p data-start=\"2828\" data-end=\"3034\">123forasmile se reserva el derecho de modificar esta Pol\u00edtica de Cookies en cualquier momento para adaptarla a novedades legislativas o cambios en el sitio web. Te recomendamos revisarla de forma peri\u00f3dica.<\/p>\t\t\t\t\t\t\t\t<\/div>\n\t\t\t\t<\/div>\n\t\t\t\t\t<\/div>\n\t\t<\/div>\n\t\t\t\t\t<\/div>\n\t\t<\/section>\n\t\t\t\t\t<\/div>\n\t\t<\/div>\n\t\t\t\t\t<\/div>\n\t\t<\/section>\n\t\t\t\t<\/div>","protected":false},"excerpt":{"rendered":"<p>Pol\u00edtica de cookies En este sitio web utilizamos cookies para mejorar la experiencia del usuario, analizar el tr\u00e1fico y personalizar contenidos. Si contin\u00faas navegando, consideramos que aceptas su uso. 1. \u00bfQu\u00e9 son las cookies? Las cookies son peque\u00f1os archivos de texto que se almacenan en tu dispositivo (ordenador, tablet, smartphone\u2026) cuando visitas una p\u00e1gina web. &#8230; <a title=\"Pol\u00edtica de cookies\" class=\"read-more\" href=\"https:\/\/123forasmile.com\/en\/politica-de-cookies\/\" aria-label=\"Read more about Pol\u00edtica de cookies\">Read more<\/a><\/p>","protected":false},"author":1,"featured_media":0,"parent":0,"menu_order":0,"comment_status":"closed","ping_status":"closed","template":"elementor_header_footer","meta":{"footnotes":""},"class_list":["post-517","page","type-page","status-publish"],"_links":{"self":[{"href":"https:\/\/123forasmile.com\/en\/wp-json\/wp\/v2\/pages\/517","targetHints":{"allow":["GET"]}}],"collection":[{"href":"https:\/\/123forasmile.com\/en\/wp-json\/wp\/v2\/pages"}],"about":[{"href":"https:\/\/123forasmile.com\/en\/wp-json\/wp\/v2\/types\/page"}],"author":[{"embeddable":true,"href":"https:\/\/123forasmile.com\/en\/wp-json\/wp\/v2\/users\/1"}],"replies":[{"embeddable":true,"href":"https:\/\/123forasmile.com\/en\/wp-json\/wp\/v2\/comments?post=517"}],"version-history":[{"count":13,"href":"https:\/\/123forasmile.com\/en\/wp-json\/wp\/v2\/pages\/517\/revisions"}],"predecessor-version":[{"id":1071,"href":"https:\/\/123forasmile.com\/en\/wp-json\/wp\/v2\/pages\/517\/revisions\/1071"}],"wp:attachment":[{"href":"https:\/\/123forasmile.com\/en\/wp-json\/wp\/v2\/media?parent=517"}],"curies":[{"name":"wp","href":"https:\/\/api.w.org\/{rel}","templated":true}]}}