{"id":512,"date":"2025-07-01T07:05:18","date_gmt":"2025-07-01T07:05:18","guid":{"rendered":"https:\/\/123forasmile.com\/?page_id=512"},"modified":"2025-10-01T13:05:45","modified_gmt":"2025-10-01T13:05:45","slug":"aviso-legal","status":"publish","type":"page","link":"https:\/\/123forasmile.com\/en\/aviso-legal\/","title":{"rendered":"Aviso Legal"},"content":{"rendered":"<div data-elementor-type=\"wp-page\" data-elementor-id=\"512\" class=\"elementor elementor-512\" data-elementor-post-type=\"page\">\n\t\t\t\t\t\t<section class=\"elementor-section elementor-top-section elementor-element elementor-element-6b7235a5 elementor-section-boxed elementor-section-height-default elementor-section-height-default\" data-id=\"6b7235a5\" data-element_type=\"section\" data-e-type=\"section\">\n\t\t\t\t\t\t<div class=\"elementor-container elementor-column-gap-default\">\n\t\t\t\t\t<div class=\"elementor-column elementor-col-100 elementor-top-column elementor-element elementor-element-380b21e3\" data-id=\"380b21e3\" data-element_type=\"column\" data-e-type=\"column\">\n\t\t\t<div class=\"elementor-widget-wrap elementor-element-populated\">\n\t\t\t\t\t\t<section class=\"elementor-section elementor-inner-section elementor-element elementor-element-1e62c6a3 elementor-section-boxed elementor-section-height-default elementor-section-height-default elementor-invisible\" data-id=\"1e62c6a3\" data-element_type=\"section\" data-e-type=\"section\" data-settings=\"{&quot;animation&quot;:&quot;fadeInUp&quot;}\">\n\t\t\t\t\t\t<div class=\"elementor-container elementor-column-gap-default\">\n\t\t\t\t\t<div class=\"elementor-column elementor-col-100 elementor-inner-column elementor-element elementor-element-5274d6b8\" data-id=\"5274d6b8\" data-element_type=\"column\" data-e-type=\"column\">\n\t\t\t<div class=\"elementor-widget-wrap elementor-element-populated\">\n\t\t\t\t\t\t<div class=\"elementor-element elementor-element-28ebd77c elementor-widget elementor-widget-heading\" data-id=\"28ebd77c\" data-element_type=\"widget\" data-e-type=\"widget\" data-widget_type=\"heading.default\">\n\t\t\t\t<div class=\"elementor-widget-container\">\n\t\t\t\t\t<h1 class=\"elementor-heading-title elementor-size-default\">Aviso Legal<\/h1>\t\t\t\t<\/div>\n\t\t\t\t<\/div>\n\t\t\t\t<div class=\"elementor-element elementor-element-e71b627 elementor-widget elementor-widget-text-editor\" data-id=\"e71b627\" data-element_type=\"widget\" data-e-type=\"widget\" data-widget_type=\"text-editor.default\">\n\t\t\t\t<div class=\"elementor-widget-container\">\n\t\t\t\t\t\t\t\t\t<p data-start=\"199\" data-end=\"526\">En cumplimiento con el deber de informaci\u00f3n recogido en el art\u00edculo 10 de la Ley 34\/2002, de 11 de julio, de Servicios de la Sociedad de la Informaci\u00f3n y del Comercio Electr\u00f3nico (LSSI-CE), se informa que el presente sitio web, accesible desde el dominio <a class=\"\" href=\"https:\/\/123forasmile.com\/en\/\" target=\"_new\" rel=\"noopener\" data-start=\"454\" data-end=\"506\">https:\/\/123forasmile.com<\/a>, es titularidad de:<\/p><p data-start=\"528\" data-end=\"733\"><strong data-start=\"528\" data-end=\"539\">Titular<\/strong>: 123forasmile<br data-start=\"553\" data-end=\"556\" \/><strong data-start=\"556\" data-end=\"569\">Actividad<\/strong>: Cl\u00ednica Dental<br data-start=\"585\" data-end=\"588\" \/><strong data-start=\"588\" data-end=\"601\">Domicilio<\/strong>: Av. de Noruega, 174, 03130 Gran Alacant, Alicante<br data-start=\"652\" data-end=\"655\" \/><strong data-start=\"655\" data-end=\"667\">Tel\u00e9fono<\/strong>: +34 865 30 28 56<br data-start=\"685\" data-end=\"688\" \/><strong data-start=\"688\" data-end=\"710\">Correo electr\u00f3nico<\/strong>: <a class=\"cursor-pointer\" rel=\"noopener\" data-start=\"712\" data-end=\"733\">hola@123forasmile.com<\/a><\/p><h3 data-start=\"735\" data-end=\"761\"><strong data-start=\"739\" data-end=\"761\">Condiciones de uso<\/strong><\/h3><p data-start=\"763\" data-end=\"1004\">El acceso y navegaci\u00f3n en este sitio web implica la aceptaci\u00f3n de los t\u00e9rminos y condiciones expuestos en el presente Aviso Legal. Si no est\u00e1s de acuerdo con alguna de las condiciones aqu\u00ed establecidas, debes abstenerte de utilizar esta web.<\/p><p data-start=\"1006\" data-end=\"1225\">El usuario se compromete a hacer un uso adecuado de los contenidos y servicios ofrecidos en este sitio web y a no emplearlos para incurrir en actividades il\u00edcitas, ilegales o contrarias a la buena fe y al orden p\u00fablico.<\/p><h3 data-start=\"1227\" data-end=\"1269\"><strong data-start=\"1231\" data-end=\"1269\">Propiedad intelectual e industrial<\/strong><\/h3><p data-start=\"1271\" data-end=\"1638\">Todos los contenidos del sitio web (dise\u00f1o, textos, im\u00e1genes, logotipos, archivos, combinaciones de colores, estructura, etc.) son propiedad de 123forasmile o, en su caso, se dispone de los derechos de uso correspondientes. Queda prohibida su reproducci\u00f3n, distribuci\u00f3n, comunicaci\u00f3n p\u00fablica o transformaci\u00f3n, total o parcial, sin la autorizaci\u00f3n expresa del titular.<\/p><h3 data-start=\"1640\" data-end=\"1663\"><strong data-start=\"1644\" data-end=\"1663\">Responsabilidad<\/strong><\/h3><p data-start=\"1665\" data-end=\"1890\">123forasmile no se responsabiliza de los errores u omisiones en los contenidos, ni de los da\u00f1os derivados del uso de la web, ni por la actuaci\u00f3n de terceros a trav\u00e9s de enlaces o hiperv\u00ednculos que puedan aparecer en el sitio.<\/p><p data-start=\"1892\" data-end=\"1984\">Nos reservamos el derecho a realizar cambios en el contenido del sitio web sin previo aviso.<\/p><h3 data-start=\"1986\" data-end=\"2024\"><strong data-start=\"1990\" data-end=\"2024\">Protecci\u00f3n de datos personales<\/strong><\/h3><p data-start=\"2026\" data-end=\"2240\">123forasmile cumple con la normativa vigente en materia de protecci\u00f3n de datos personales (Reglamento (UE) 2016\/679 y Ley Org\u00e1nica 3\/2018). Para m\u00e1s informaci\u00f3n, puedes consultar nuestra <strong data-start=\"2213\" data-end=\"2239\">Pol\u00edtica de Privacidad<\/strong>.<\/p><h3 data-start=\"2242\" data-end=\"2286\"><strong data-start=\"2246\" data-end=\"2286\">Legislaci\u00f3n aplicable y jurisdicci\u00f3n<\/strong><\/h3><p data-start=\"2288\" data-end=\"2510\">La relaci\u00f3n entre el usuario y 123forasmile se regir\u00e1 por la normativa espa\u00f1ola vigente, y cualquier controversia se someter\u00e1 a los Juzgados y Tribunales de Alicante, salvo que la normativa aplicable disponga lo contrario.<\/p>\t\t\t\t\t\t\t\t<\/div>\n\t\t\t\t<\/div>\n\t\t\t\t\t<\/div>\n\t\t<\/div>\n\t\t\t\t\t<\/div>\n\t\t<\/section>\n\t\t\t\t\t<\/div>\n\t\t<\/div>\n\t\t\t\t\t<\/div>\n\t\t<\/section>\n\t\t\t\t<\/div>","protected":false},"excerpt":{"rendered":"<p>Aviso Legal En cumplimiento con el deber de informaci\u00f3n recogido en el art\u00edculo 10 de la Ley 34\/2002, de 11 de julio, de Servicios de la Sociedad de la Informaci\u00f3n y del Comercio Electr\u00f3nico (LSSI-CE), se informa que el presente sitio web, accesible desde el dominio https:\/\/123forasmile.com, es titularidad de: Titular: 123forasmileActividad: Cl\u00ednica DentalDomicilio: Av. &#8230; <a title=\"Aviso Legal\" class=\"read-more\" href=\"https:\/\/123forasmile.com\/en\/aviso-legal\/\" aria-label=\"Read more about Aviso Legal\">Read more<\/a><\/p>","protected":false},"author":1,"featured_media":0,"parent":0,"menu_order":0,"comment_status":"closed","ping_status":"closed","template":"elementor_header_footer","meta":{"footnotes":""},"class_list":["post-512","page","type-page","status-publish"],"_links":{"self":[{"href":"https:\/\/123forasmile.com\/en\/wp-json\/wp\/v2\/pages\/512","targetHints":{"allow":["GET"]}}],"collection":[{"href":"https:\/\/123forasmile.com\/en\/wp-json\/wp\/v2\/pages"}],"about":[{"href":"https:\/\/123forasmile.com\/en\/wp-json\/wp\/v2\/types\/page"}],"author":[{"embeddable":true,"href":"https:\/\/123forasmile.com\/en\/wp-json\/wp\/v2\/users\/1"}],"replies":[{"embeddable":true,"href":"https:\/\/123forasmile.com\/en\/wp-json\/wp\/v2\/comments?post=512"}],"version-history":[{"count":19,"href":"https:\/\/123forasmile.com\/en\/wp-json\/wp\/v2\/pages\/512\/revisions"}],"predecessor-version":[{"id":1037,"href":"https:\/\/123forasmile.com\/en\/wp-json\/wp\/v2\/pages\/512\/revisions\/1037"}],"wp:attachment":[{"href":"https:\/\/123forasmile.com\/en\/wp-json\/wp\/v2\/media?parent=512"}],"curies":[{"name":"wp","href":"https:\/\/api.w.org\/{rel}","templated":true}]}}