{"id":106,"date":"2025-06-23T14:21:05","date_gmt":"2025-06-23T14:21:05","guid":{"rendered":"https:\/\/123forasmile.com\/?page_id=106"},"modified":"2026-03-09T18:57:12","modified_gmt":"2026-03-09T17:57:12","slug":"contacto","status":"publish","type":"page","link":"https:\/\/123forasmile.com\/en\/contacto\/","title":{"rendered":"Contacto"},"content":{"rendered":"\t\t<div data-elementor-type=\"wp-page\" data-elementor-id=\"106\" class=\"elementor elementor-106\" data-elementor-post-type=\"page\">\n\t\t\t\t\t\t<section class=\"elementor-section elementor-top-section elementor-element elementor-element-6a00ff47 elementor-section-full_width elementor-section-height-default elementor-section-height-default\" data-id=\"6a00ff47\" data-element_type=\"section\" data-e-type=\"section\" data-settings=\"{&quot;background_background&quot;:&quot;classic&quot;,&quot;shape_divider_top&quot;:&quot;opacity-tilt&quot;}\">\n\t\t\t\t\t<div class=\"elementor-shape elementor-shape-top\" aria-hidden=\"true\" data-negative=\"false\">\n\t\t\t<svg xmlns=\"http:\/\/www.w3.org\/2000\/svg\" viewBox=\"0 0 2600 131.1\" preserveAspectRatio=\"none\">\n\t<path class=\"elementor-shape-fill\" d=\"M0 0L2600 0 2600 69.1 0 0z\"\/>\n\t<path class=\"elementor-shape-fill\" style=\"opacity:0.5\" d=\"M0 0L2600 0 2600 69.1 0 69.1z\"\/>\n\t<path class=\"elementor-shape-fill\" style=\"opacity:0.25\" d=\"M2600 0L0 0 0 130.1 2600 69.1z\"\/>\n<\/svg>\t\t<\/div>\n\t\t\t\t\t<div class=\"elementor-container elementor-column-gap-default\">\n\t\t\t\t\t<div class=\"elementor-column elementor-col-100 elementor-top-column elementor-element elementor-element-21586069 elementor-invisible\" data-id=\"21586069\" data-element_type=\"column\" data-e-type=\"column\" data-settings=\"{&quot;background_background&quot;:&quot;classic&quot;,&quot;animation&quot;:&quot;fadeInUp&quot;}\">\n\t\t\t<div class=\"elementor-widget-wrap elementor-element-populated\">\n\t\t\t\t\t\t<div class=\"elementor-element elementor-element-4afe7b43 elementor-widget elementor-widget-heading\" data-id=\"4afe7b43\" data-element_type=\"widget\" data-e-type=\"widget\" data-widget_type=\"heading.default\">\n\t\t\t\t<div class=\"elementor-widget-container\">\n\t\t\t\t\t<h1 class=\"elementor-heading-title elementor-size-default\">Contacto<\/h1>\t\t\t\t<\/div>\n\t\t\t\t<\/div>\n\t\t\t\t\t<\/div>\n\t\t<\/div>\n\t\t\t\t\t<\/div>\n\t\t<\/section>\n\t\t<div class=\"elementor-element elementor-element-0bb726d e-flex e-con-boxed e-con e-parent\" data-id=\"0bb726d\" data-element_type=\"container\" data-e-type=\"container\">\n\t\t\t\t\t<div class=\"e-con-inner\">\n\t\t<div class=\"elementor-element elementor-element-fe74536 e-con-full e-flex e-con e-child\" data-id=\"fe74536\" data-element_type=\"container\" data-e-type=\"container\">\n\t\t\t\t<div class=\"elementor-element elementor-element-d8aeac9 elementor-widget elementor-widget-wpforms\" data-id=\"d8aeac9\" data-element_type=\"widget\" data-e-type=\"widget\" data-widget_type=\"wpforms.default\">\n\t\t\t\t<div class=\"elementor-widget-container\">\n\t\t\t\t\t<style id=\"wpforms-css-vars-elementor-widget-d8aeac9\">\n\t\t\t\t.elementor-widget-wpforms.elementor-element-d8aeac9 {\n\t\t\t\t--wpforms-field-border-size: 2px;\n--wpforms-field-border-radius: 10px;\n--wpforms-field-background-color: rgba( 255, 255, 255, 0.2 );\n--wpforms-field-border-color: rgba( 51, 26, 0, 0.15 );\n--wpforms-field-border-color-spare: rgba( 51, 26, 0, 0.15 );\n--wpforms-field-text-color: #634d36;\n--wpforms-field-menu-color: #d3bfa6;\n--wpforms-label-color: #32261b;\n--wpforms-label-sublabel-color: #634d36;\n--wpforms-label-error-color: #b20000;\n--wpforms-button-border-radius: 10px;\n--wpforms-button-background-color: #905147;\n--wpforms-button-border-color: #d75e42;\n--wpforms-container-padding: 60px;\n--wpforms-container-border-style: solid;\n--wpforms-container-border-width: 10px;\n--wpforms-container-border-radius: 30px;\n--wpforms-container-border-color: #ffffff;\n--wpforms-background-image: stock;\n--wpforms-background-position: bottom center;\n--wpforms-background-url: url( https:\/\/123forasmile.com\/wp-content\/uploads\/wpforms\/themes\/stock-photos\/mitchell-luo-_A1pTfsMNY4-unsplash.jpg );\n--wpforms-background-color: #d3bfa6;\n--wpforms-page-break-color: #d75e42;\n--wpforms-container-shadow-size-box-shadow: 0px 30px 50px -10px rgba(0, 0, 0, 0.15);\n\t\t\t}\n\t\t\t<\/style><div class=\"wpforms-container wpforms-container-full wpforms-render-modern\" id=\"wpforms-1738\"><form id=\"wpforms-form-1738\" class=\"wpforms-validate wpforms-form wpforms-ajax-form\" data-formid=\"1738\" method=\"post\" enctype=\"multipart\/form-data\" action=\"\/en\/wp-json\/wp\/v2\/pages\/106\" data-token=\"d6935094f058a57deec2dc7895de8220\" data-token-time=\"1775363053\"><noscript class=\"wpforms-error-noscript\">Please enable JavaScript in your browser to complete this form.<\/noscript><div id=\"wpforms-error-noscript\" style=\"display: none;\">Please enable JavaScript in your browser to complete this form.<\/div><div class=\"wpforms-field-container\"><div id=\"wpforms-1738-field_1-container\" class=\"wpforms-field wpforms-field-name\" data-field-id=\"1\"><label class=\"wpforms-field-label\" for=\"wpforms-1738-field_1\">Nombre <span class=\"wpforms-required-label\" aria-hidden=\"true\">*<\/span><\/label><input type=\"text\" id=\"wpforms-1738-field_1\" class=\"wpforms-field-medium wpforms-field-required\" name=\"wpforms[fields][1]\" aria-errormessage=\"wpforms-1738-field_1-error\" required><\/div><div id=\"wpforms-1738-field_4-container\" class=\"wpforms-field wpforms-field-number\" data-field-id=\"4\"><label class=\"wpforms-field-label\" for=\"wpforms-1738-field_4\">Tel\u00e9fono <span class=\"wpforms-required-label\" aria-hidden=\"true\">*<\/span><\/label><input type=\"number\" id=\"wpforms-1738-field_4\" class=\"wpforms-field-medium wpforms-field-required\" name=\"wpforms[fields][4]\" step=\"any\" aria-errormessage=\"wpforms-1738-field_4-error\" required><\/div><div id=\"wpforms-1738-field_2-container\" class=\"wpforms-field wpforms-field-email\" data-field-id=\"2\"><label class=\"wpforms-field-label\" for=\"wpforms-1738-field_2\">Email <span class=\"wpforms-required-label\" aria-hidden=\"true\">*<\/span><\/label><input type=\"email\" id=\"wpforms-1738-field_2\" class=\"wpforms-field-medium wpforms-field-required\" name=\"wpforms[fields][2]\" spellcheck=\"false\" aria-errormessage=\"wpforms-1738-field_2-error\" required><\/div><div id=\"wpforms-1738-field_8-container\" class=\"wpforms-field wpforms-field-radio wpforms-list-inline\" data-field-id=\"8\"><fieldset><legend class=\"wpforms-field-label\">\u00bfQu\u00e9 necesitas?<\/legend><ul id=\"wpforms-1738-field_8\"><li class=\"choice-1 depth-1\"><input type=\"radio\" id=\"wpforms-1738-field_8_1\" name=\"wpforms[fields][8]\" value=\"Blanqueamiento dental\" aria-errormessage=\"wpforms-1738-field_8_1-error\"  ><label class=\"wpforms-field-label-inline\" for=\"wpforms-1738-field_8_1\">Blanqueamiento dental<\/label><\/li><li class=\"choice-2 depth-1\"><input type=\"radio\" id=\"wpforms-1738-field_8_2\" name=\"wpforms[fields][8]\" value=\"Pr\u00f3tesis dental\" aria-errormessage=\"wpforms-1738-field_8_2-error\"  ><label class=\"wpforms-field-label-inline\" for=\"wpforms-1738-field_8_2\">Pr\u00f3tesis dental<\/label><\/li><li class=\"choice-3 depth-1\"><input type=\"radio\" id=\"wpforms-1738-field_8_3\" name=\"wpforms[fields][8]\" value=\"Endodoncia\" aria-errormessage=\"wpforms-1738-field_8_3-error\"  ><label class=\"wpforms-field-label-inline\" for=\"wpforms-1738-field_8_3\">Endodoncia<\/label><\/li><li class=\"choice-8 depth-1\"><input type=\"radio\" id=\"wpforms-1738-field_8_8\" name=\"wpforms[fields][8]\" value=\"Odontopediatr\u00eda\" aria-errormessage=\"wpforms-1738-field_8_8-error\"  ><label class=\"wpforms-field-label-inline\" for=\"wpforms-1738-field_8_8\">Odontopediatr\u00eda<\/label><\/li><li class=\"choice-7 depth-1\"><input type=\"radio\" id=\"wpforms-1738-field_8_7\" name=\"wpforms[fields][8]\" value=\"Ortodoncia\" aria-errormessage=\"wpforms-1738-field_8_7-error\"  ><label class=\"wpforms-field-label-inline\" for=\"wpforms-1738-field_8_7\">Ortodoncia<\/label><\/li><li class=\"choice-6 depth-1\"><input type=\"radio\" id=\"wpforms-1738-field_8_6\" name=\"wpforms[fields][8]\" value=\"Limpieza dental\" aria-errormessage=\"wpforms-1738-field_8_6-error\"  ><label class=\"wpforms-field-label-inline\" for=\"wpforms-1738-field_8_6\">Limpieza dental<\/label><\/li><li class=\"choice-5 depth-1\"><input type=\"radio\" id=\"wpforms-1738-field_8_5\" name=\"wpforms[fields][8]\" value=\"Invisalign\/Alineador invisible\" aria-errormessage=\"wpforms-1738-field_8_5-error\"  ><label class=\"wpforms-field-label-inline\" for=\"wpforms-1738-field_8_5\">Invisalign\/Alineador invisible<\/label><\/li><li class=\"choice-4 depth-1\"><input type=\"radio\" id=\"wpforms-1738-field_8_4\" name=\"wpforms[fields][8]\" value=\"TAC dental\" aria-errormessage=\"wpforms-1738-field_8_4-error\"  ><label class=\"wpforms-field-label-inline\" for=\"wpforms-1738-field_8_4\">TAC dental<\/label><\/li><li class=\"choice-9 depth-1\"><input type=\"radio\" id=\"wpforms-1738-field_8_9\" name=\"wpforms[fields][8]\" value=\"Implante dental\" aria-errormessage=\"wpforms-1738-field_8_9-error\"  ><label class=\"wpforms-field-label-inline\" for=\"wpforms-1738-field_8_9\">Implante dental<\/label><\/li><li class=\"choice-10 depth-1\"><input type=\"radio\" id=\"wpforms-1738-field_8_10\" name=\"wpforms[fields][8]\" value=\"Carillas y est\u00e9tica dental\" aria-errormessage=\"wpforms-1738-field_8_10-error\"  ><label class=\"wpforms-field-label-inline\" for=\"wpforms-1738-field_8_10\">Carillas y est\u00e9tica dental<\/label><\/li><li class=\"choice-11 depth-1\"><input type=\"radio\" id=\"wpforms-1738-field_8_11\" name=\"wpforms[fields][8]\" value=\"Otro\" aria-errormessage=\"wpforms-1738-field_8_11-error\"  ><label class=\"wpforms-field-label-inline\" for=\"wpforms-1738-field_8_11\">Otro<\/label><\/li><\/ul><\/fieldset><\/div><div id=\"wpforms-1738-field_6-container\" class=\"wpforms-field wpforms-field-radio\" data-field-id=\"6\"><fieldset><legend class=\"wpforms-field-label\">\u00bfC\u00f3mo prefieres que te contactemos?<\/legend><ul id=\"wpforms-1738-field_6\"><li class=\"choice-1 depth-1\"><input type=\"radio\" id=\"wpforms-1738-field_6_1\" name=\"wpforms[fields][6]\" value=\"WhatsApp\" aria-errormessage=\"wpforms-1738-field_6_1-error\"  ><label class=\"wpforms-field-label-inline\" for=\"wpforms-1738-field_6_1\">WhatsApp<\/label><\/li><li class=\"choice-2 depth-1\"><input type=\"radio\" id=\"wpforms-1738-field_6_2\" name=\"wpforms[fields][6]\" value=\"LLamada telef\u00f3nica\" aria-errormessage=\"wpforms-1738-field_6_2-error\"  ><label class=\"wpforms-field-label-inline\" for=\"wpforms-1738-field_6_2\">LLamada telef\u00f3nica<\/label><\/li><li class=\"choice-3 depth-1\"><input type=\"radio\" id=\"wpforms-1738-field_6_3\" name=\"wpforms[fields][6]\" value=\"Email\" aria-errormessage=\"wpforms-1738-field_6_3-error\"  ><label class=\"wpforms-field-label-inline\" for=\"wpforms-1738-field_6_3\">Email<\/label><\/li><\/ul><\/fieldset><\/div>\t\t<div id=\"wpforms-1738-field_3-container\"\n\t\t\tclass=\"wpforms-field wpforms-field-text\"\n\t\t\tdata-field-type=\"text\"\n\t\t\tdata-field-id=\"3\"\n\t\t\t>\n\t\t\t<label class=\"wpforms-field-label\" for=\"wpforms-1738-field_3\" >\u00bfQu\u00e9 Tel\u00e9fono que<\/label>\n\t\t\t<input type=\"text\" id=\"wpforms-1738-field_3\" class=\"wpforms-field-medium\" name=\"wpforms[fields][3]\" >\n\t\t<\/div>\n\t\t<div id=\"wpforms-1738-field_7-container\" class=\"wpforms-field wpforms-field-textarea\" data-field-id=\"7\"><label class=\"wpforms-field-label\" for=\"wpforms-1738-field_7\">\u00bfM\u00e1s informaci\u00f3n?<\/label><textarea id=\"wpforms-1738-field_7\" class=\"wpforms-field-medium\" name=\"wpforms[fields][7]\" aria-errormessage=\"wpforms-1738-field_7-error\" ><\/textarea><\/div><script>\n\t\t\t\t( function() {\n\t\t\t\t\tconst style = document.createElement( 'style' );\n\t\t\t\t\tstyle.appendChild( document.createTextNode( '#wpforms-1738-field_3-container { position: absolute !important; overflow: hidden !important; display: inline !important; height: 1px !important; width: 1px !important; z-index: -1000 !important; padding: 0 !important; } #wpforms-1738-field_3-container input { visibility: hidden; } #wpforms-conversational-form-page #wpforms-1738-field_3-container label { counter-increment: none; }' ) );\n\t\t\t\t\tdocument.head.appendChild( style );\n\t\t\t\t\tdocument.currentScript?.remove();\n\t\t\t\t} )();\n\t\t\t<\/script><\/div><!-- .wpforms-field-container --><div class=\"wpforms-submit-container\" ><input type=\"hidden\" name=\"wpforms[id]\" value=\"1738\"><input type=\"hidden\" name=\"page_title\" value=\"\"><input type=\"hidden\" name=\"page_url\" value=\"https:\/\/123forasmile.com\/en\/wp-json\/wp\/v2\/pages\/106\"><input type=\"hidden\" name=\"url_referer\" value=\"\"><button type=\"submit\" name=\"wpforms[submit]\" id=\"wpforms-submit-1738\" class=\"wpforms-submit\" data-alt-text=\"Enviando\" data-submit-text=\"Enviar\" aria-live=\"assertive\" value=\"wpforms-submit\">Enviar<\/button><img decoding=\"async\" src=\"https:\/\/123forasmile.com\/wp-content\/plugins\/wpforms\/assets\/images\/submit-spin.svg\" class=\"wpforms-submit-spinner\" style=\"display: none;\" width=\"26\" height=\"26\" alt=\"Loading\"><\/div><\/form><\/div>  <!-- .wpforms-container -->\t\t\t\t<\/div>\n\t\t\t\t<\/div>\n\t\t\t\t<\/div>\n\t\t<div class=\"elementor-element elementor-element-9ef8689 e-con-full e-flex e-con e-child\" data-id=\"9ef8689\" data-element_type=\"container\" data-e-type=\"container\">\n\t\t<div class=\"elementor-element elementor-element-0a2b1d5 e-con-full e-flex e-con e-child\" data-id=\"0a2b1d5\" data-element_type=\"container\" data-e-type=\"container\">\n\t\t\t\t<div class=\"elementor-element elementor-element-7380028 elementor-widget elementor-widget-heading\" data-id=\"7380028\" data-element_type=\"widget\" data-e-type=\"widget\" data-widget_type=\"heading.default\">\n\t\t\t\t<div class=\"elementor-widget-container\">\n\t\t\t\t\t<h2 class=\"elementor-heading-title elementor-size-default\">\u00bfNecesitas m\u00e1s informaci\u00f3n o pedir  una cita?<\/h2>\t\t\t\t<\/div>\n\t\t\t\t<\/div>\n\t\t\t\t<\/div>\n\t\t<div class=\"elementor-element elementor-element-4b67d52 e-con-full e-flex e-con e-child\" data-id=\"4b67d52\" data-element_type=\"container\" data-e-type=\"container\">\n\t\t\t\t<div class=\"elementor-element elementor-element-ec86dfc elementor-widget__width-initial elementor-widget elementor-widget-html\" data-id=\"ec86dfc\" data-element_type=\"widget\" data-e-type=\"widget\" data-widget_type=\"html.default\">\n\t\t\t\t<div class=\"elementor-widget-container\">\n\t\t\t\t\t<iframe src=\"https:\/\/www.google.com\/maps\/embed?pb=!1m18!1m12!1m3!1d3133.745640594137!2d-0.5310746888226915!3d38.239009271754675!2m3!1f0!2f0!3f0!3m2!1i1024!2i768!4f13.1!3m3!1m2!1s0xd624b542c46ef0d%3A0x4f9a02af0bff9003!2s123%20For%20A%20Smile%20%7C%20Cl%C3%ADnica%20dental%20en%20Gran%20Alacant!5e0!3m2!1ses!2ses!4v1751356903433!5m2!1ses!2ses\" width=\"600\" height=\"450\" style=\"border:0;\" allowfullscreen=\"\" loading=\"lazy\" referrerpolicy=\"no-referrer-when-downgrade\"><\/iframe>\t\t\t\t<\/div>\n\t\t\t\t<\/div>\n\t\t\t\t<\/div>\n\t\t\t\t<\/div>\n\t\t\t\t\t<\/div>\n\t\t\t\t<\/div>\n\t\t\t\t<section class=\"elementor-section elementor-top-section elementor-element elementor-element-5ca40666 elementor-section-content-space-evenly elementor-section-boxed elementor-section-height-default elementor-section-height-default\" data-id=\"5ca40666\" data-element_type=\"section\" data-e-type=\"section\">\n\t\t\t\t\t\t<div class=\"elementor-container elementor-column-gap-default\">\n\t\t\t\t\t<div class=\"elementor-column elementor-col-33 elementor-top-column elementor-element elementor-element-71d6f974\" data-id=\"71d6f974\" data-element_type=\"column\" data-e-type=\"column\">\n\t\t\t<div class=\"elementor-widget-wrap elementor-element-populated\">\n\t\t\t\t\t\t<div class=\"elementor-element elementor-element-5052ee3e elementor-cta--skin-classic elementor-animated-content elementor-widget elementor-widget-call-to-action\" data-id=\"5052ee3e\" data-element_type=\"widget\" data-e-type=\"widget\" data-widget_type=\"call-to-action.default\">\n\t\t\t\t<div class=\"elementor-widget-container\">\n\t\t\t\t\t\t\t<a class=\"elementor-cta\" href=\"tel:+34865302856\">\n\t\t\t\t\t\t\t<div class=\"elementor-cta__content\">\n\t\t\t\t\t\t\t\t\t<div class=\"elementor-content-item elementor-cta__content-item elementor-icon-wrapper elementor-cta__icon elementor-view-stacked elementor-shape-square\">\n\t\t\t\t\t\t<div class=\"elementor-icon\">\n\t\t\t\t\t\t\t<svg aria-hidden=\"true\" class=\"e-font-icon-svg e-fas-phone-alt\" viewBox=\"0 0 512 512\" xmlns=\"http:\/\/www.w3.org\/2000\/svg\"><path d=\"M497.39 361.8l-112-48a24 24 0 0 0-28 6.9l-49.6 60.6A370.66 370.66 0 0 1 130.6 204.11l60.6-49.6a23.94 23.94 0 0 0 6.9-28l-48-112A24.16 24.16 0 0 0 122.6.61l-104 24A24 24 0 0 0 0 48c0 256.5 207.9 464 464 464a24 24 0 0 0 23.4-18.6l24-104a24.29 24.29 0 0 0-14.01-27.6z\"><\/path><\/svg>\t\t\t\t\t\t<\/div>\n\t\t\t\t\t<\/div>\n\t\t\t\t\n\t\t\t\t\t\t\t\t\t<h2 class=\"elementor-cta__title elementor-cta__content-item elementor-content-item\">\n\t\t\t\t\t\t+34 865 30 28 56\t\t\t\t\t<\/h2>\n\t\t\t\t\n\t\t\t\t\t\t\t\t\t<div class=\"elementor-cta__description elementor-cta__content-item elementor-content-item\">\n\t\t\t\t\t\tPULSA PARA LLAMAR\t\t\t\t\t<\/div>\n\t\t\t\t\n\t\t\t\t\t\t\t<\/div>\n\t\t\t\t\t\t<\/a>\n\t\t\t\t\t\t<\/div>\n\t\t\t\t<\/div>\n\t\t\t\t\t<\/div>\n\t\t<\/div>\n\t\t\t\t<div class=\"elementor-column elementor-col-33 elementor-top-column elementor-element elementor-element-719b0b6b\" data-id=\"719b0b6b\" data-element_type=\"column\" data-e-type=\"column\">\n\t\t\t<div class=\"elementor-widget-wrap elementor-element-populated\">\n\t\t\t\t\t\t<div class=\"elementor-element elementor-element-7f5796e7 elementor-cta--skin-classic elementor-animated-content elementor-widget elementor-widget-call-to-action\" data-id=\"7f5796e7\" data-element_type=\"widget\" data-e-type=\"widget\" data-widget_type=\"call-to-action.default\">\n\t\t\t\t<div class=\"elementor-widget-container\">\n\t\t\t\t\t\t\t<a class=\"elementor-cta\" href=\"https:\/\/www.google.com\/maps\/place\/\/data=!4m2!3m1!1s0xd624b542c46ef0d:0x4f9a02af0bff9003?sa=X&#038;ved=1t:8290&#038;hl=es&#038;ictx=111\" target=\"_blank\" rel=\"noopener\">\n\t\t\t\t\t\t\t<div class=\"elementor-cta__content\">\n\t\t\t\t\t\t\t\t\t<div class=\"elementor-content-item elementor-cta__content-item elementor-icon-wrapper elementor-cta__icon elementor-view-stacked elementor-shape-square\">\n\t\t\t\t\t\t<div class=\"elementor-icon\">\n\t\t\t\t\t\t\t<svg aria-hidden=\"true\" class=\"e-font-icon-svg e-fas-tooth\" viewBox=\"0 0 448 512\" xmlns=\"http:\/\/www.w3.org\/2000\/svg\"><path d=\"M443.98 96.25c-11.01-45.22-47.11-82.06-92.01-93.72-32.19-8.36-63 5.1-89.14 24.33-3.25 2.39-6.96 3.73-10.5 5.48l28.32 18.21c7.42 4.77 9.58 14.67 4.8 22.11-4.46 6.95-14.27 9.86-22.11 4.8L162.83 12.84c-20.7-10.85-43.38-16.4-66.81-10.31-44.9 11.67-81 48.5-92.01 93.72-10.13 41.62-.42 80.81 21.5 110.43 23.36 31.57 32.68 68.66 36.29 107.35 4.4 47.16 10.33 94.16 20.94 140.32l7.8 33.95c3.19 13.87 15.49 23.7 29.67 23.7 13.97 0 26.15-9.55 29.54-23.16l34.47-138.42c4.56-18.32 20.96-31.16 39.76-31.16s35.2 12.85 39.76 31.16l34.47 138.42c3.39 13.61 15.57 23.16 29.54 23.16 14.18 0 26.48-9.83 29.67-23.7l7.8-33.95c10.61-46.15 16.53-93.16 20.94-140.32 3.61-38.7 12.93-75.78 36.29-107.35 21.95-29.61 31.66-68.8 21.53-110.43z\"><\/path><\/svg>\t\t\t\t\t\t<\/div>\n\t\t\t\t\t<\/div>\n\t\t\t\t\n\t\t\t\t\t\t\t\t\t<h2 class=\"elementor-cta__title elementor-cta__content-item elementor-content-item\">\n\t\t\t\t\t\tAv. de Noruega, 174, 03130 el Gran Alacant, Alicante<span style=\"font-size: 1.2em;font-style: inherit\"><\/span><br>\t\t\t\t\t<\/h2>\n\t\t\t\t\n\t\t\t\t\t\t\t\t\t<div class=\"elementor-cta__description elementor-cta__content-item elementor-content-item\">\n\t\t\t\t\t\tPULSA PARA SABER COMO LLEGAR\t\t\t\t\t<\/div>\n\t\t\t\t\n\t\t\t\t\t\t\t<\/div>\n\t\t\t\t\t\t<\/a>\n\t\t\t\t\t\t<\/div>\n\t\t\t\t<\/div>\n\t\t\t\t\t<\/div>\n\t\t<\/div>\n\t\t\t\t<div class=\"elementor-column elementor-col-33 elementor-top-column elementor-element elementor-element-6ee52ec0\" data-id=\"6ee52ec0\" data-element_type=\"column\" data-e-type=\"column\">\n\t\t\t<div class=\"elementor-widget-wrap elementor-element-populated\">\n\t\t\t\t\t\t<div class=\"elementor-element elementor-element-14a0ddb7 elementor-cta--skin-classic elementor-animated-content elementor-widget elementor-widget-call-to-action\" data-id=\"14a0ddb7\" data-element_type=\"widget\" data-e-type=\"widget\" data-widget_type=\"call-to-action.default\">\n\t\t\t\t<div class=\"elementor-widget-container\">\n\t\t\t\t\t\t\t<a class=\"elementor-cta\" href=\"mailto:hola@123forasmile.com\">\n\t\t\t\t\t\t\t<div class=\"elementor-cta__content\">\n\t\t\t\t\t\t\t\t\t<div class=\"elementor-content-item elementor-cta__content-item elementor-icon-wrapper elementor-cta__icon elementor-view-stacked elementor-shape-square\">\n\t\t\t\t\t\t<div class=\"elementor-icon\">\n\t\t\t\t\t\t\t<svg aria-hidden=\"true\" class=\"e-font-icon-svg e-fas-envelope\" viewBox=\"0 0 512 512\" xmlns=\"http:\/\/www.w3.org\/2000\/svg\"><path d=\"M502.3 190.8c3.9-3.1 9.7-.2 9.7 4.7V400c0 26.5-21.5 48-48 48H48c-26.5 0-48-21.5-48-48V195.6c0-5 5.7-7.8 9.7-4.7 22.4 17.4 52.1 39.5 154.1 113.6 21.1 15.4 56.7 47.8 92.2 47.6 35.7.3 72-32.8 92.3-47.6 102-74.1 131.6-96.3 154-113.7zM256 320c23.2.4 56.6-29.2 73.4-41.4 132.7-96.3 142.8-104.7 173.4-128.7 5.8-4.5 9.2-11.5 9.2-18.9v-19c0-26.5-21.5-48-48-48H48C21.5 64 0 85.5 0 112v19c0 7.4 3.4 14.3 9.2 18.9 30.6 23.9 40.7 32.4 173.4 128.7 16.8 12.2 50.2 41.8 73.4 41.4z\"><\/path><\/svg>\t\t\t\t\t\t<\/div>\n\t\t\t\t\t<\/div>\n\t\t\t\t\n\t\t\t\t\t\t\t\t\t<h2 class=\"elementor-cta__title elementor-cta__content-item elementor-content-item\">\n\t\t\t\t\t\thola@123forasmile.com\t\t\t\t\t<\/h2>\n\t\t\t\t\n\t\t\t\t\t\t\t\t\t<div class=\"elementor-cta__description elementor-cta__content-item elementor-content-item\">\n\t\t\t\t\t\tPULSA PARA CONTACTAR\t\t\t\t\t<\/div>\n\t\t\t\t\n\t\t\t\t\t\t\t<\/div>\n\t\t\t\t\t\t<\/a>\n\t\t\t\t\t\t<\/div>\n\t\t\t\t<\/div>\n\t\t\t\t\t<\/div>\n\t\t<\/div>\n\t\t\t\t\t<\/div>\n\t\t<\/section>\n\t\t<div class=\"elementor-element elementor-element-6b995d3 e-flex e-con-boxed e-con e-parent\" data-id=\"6b995d3\" data-element_type=\"container\" data-e-type=\"container\">\n\t\t\t\t\t<div class=\"e-con-inner\">\n\t\t\t\t\t<\/div>\n\t\t\t\t<\/div>\n\t\t<div class=\"elementor-element elementor-element-306eb93 e-flex e-con-boxed e-con e-parent\" data-id=\"306eb93\" data-element_type=\"container\" data-e-type=\"container\">\n\t\t\t\t\t<div class=\"e-con-inner\">\n\t\t\t\t<div class=\"elementor-element elementor-element-14be995 elementor-widget elementor-widget-spacer\" data-id=\"14be995\" data-element_type=\"widget\" data-e-type=\"widget\" data-widget_type=\"spacer.default\">\n\t\t\t\t<div class=\"elementor-widget-container\">\n\t\t\t\t\t\t\t<div class=\"elementor-spacer\">\n\t\t\t<div class=\"elementor-spacer-inner\"><\/div>\n\t\t<\/div>\n\t\t\t\t\t\t<\/div>\n\t\t\t\t<\/div>\n\t\t\t\t\t<\/div>\n\t\t\t\t<\/div>\n\t\t\t\t<\/div>\n\t\t","protected":false},"excerpt":{"rendered":"<p>Contacto Por favor, activa JavaScript en tu navegador para completar este formulario.Por favor, activa JavaScript en tu navegador para completar este formulario.Nombre *Tel\u00e9fono *Email * \u00bfQu\u00e9 necesitas? Blanqueamiento dental Pr\u00f3tesis dental Endodoncia Odontopediatr\u00eda Ortodoncia Limpieza dental Invisalign\/Alineador invisible TAC dental Implante dental Carillas y est\u00e9tica dental Otro \u00bfC\u00f3mo prefieres que te contactemos? WhatsApp LLamada telef\u00f3nica &#8230; <a title=\"Contacto\" class=\"read-more\" href=\"https:\/\/123forasmile.com\/en\/contacto\/\" aria-label=\"Read more about Contacto\">Read more<\/a><\/p>","protected":false},"author":1,"featured_media":0,"parent":0,"menu_order":0,"comment_status":"closed","ping_status":"closed","template":"elementor_header_footer","meta":{"footnotes":""},"class_list":["post-106","page","type-page","status-publish"],"_links":{"self":[{"href":"https:\/\/123forasmile.com\/en\/wp-json\/wp\/v2\/pages\/106","targetHints":{"allow":["GET"]}}],"collection":[{"href":"https:\/\/123forasmile.com\/en\/wp-json\/wp\/v2\/pages"}],"about":[{"href":"https:\/\/123forasmile.com\/en\/wp-json\/wp\/v2\/types\/page"}],"author":[{"embeddable":true,"href":"https:\/\/123forasmile.com\/en\/wp-json\/wp\/v2\/users\/1"}],"replies":[{"embeddable":true,"href":"https:\/\/123forasmile.com\/en\/wp-json\/wp\/v2\/comments?post=106"}],"version-history":[{"count":77,"href":"https:\/\/123forasmile.com\/en\/wp-json\/wp\/v2\/pages\/106\/revisions"}],"predecessor-version":[{"id":1826,"href":"https:\/\/123forasmile.com\/en\/wp-json\/wp\/v2\/pages\/106\/revisions\/1826"}],"wp:attachment":[{"href":"https:\/\/123forasmile.com\/en\/wp-json\/wp\/v2\/media?parent=106"}],"curies":[{"name":"wp","href":"https:\/\/api.w.org\/{rel}","templated":true}]}}